{"id":10,"date":"2021-05-15T18:09:49","date_gmt":"2021-05-15T18:09:49","guid":{"rendered":"http:\/\/adriangambetta.cl\/mineria\/?page_id=10"},"modified":"2022-08-26T15:13:49","modified_gmt":"2022-08-26T15:13:49","slug":"impuestos","status":"publish","type":"page","link":"https:\/\/consejominero.cl\/mineriaconotrosojos\/impuestos\/","title":{"rendered":"Impuestos"},"content":{"rendered":"<p><div class=\"fusion-fullwidth fullwidth-box fusion-builder-row-1 fusion-flex-container nonhundred-percent-fullwidth non-hundred-percent-height-scrolling\" style=\"--awb-border-radius-top-left:0px;--awb-border-radius-top-right:0px;--awb-border-radius-bottom-right:0px;--awb-border-radius-bottom-left:0px;--awb-flex-wrap:wrap;\" id=\"royalty\" ><div class=\"fusion-builder-row fusion-row fusion-flex-align-items-flex-start fusion-flex-content-wrap\" style=\"max-width:1248px;margin-left: calc(-4% \/ 2 );margin-right: calc(-4% \/ 2 );\"><div class=\"fusion-layout-column fusion_builder_column fusion-builder-column-0 fusion_builder_column_1_1 1_1 fusion-flex-column\" style=\"--awb-bg-size:cover;--awb-width-large:100%;--awb-margin-top-large:-60px;--awb-spacing-right-large:1.92%;--awb-margin-bottom-large:20px;--awb-spacing-left-large:1.92%;--awb-width-medium:100%;--awb-order-medium:0;--awb-spacing-right-medium:1.92%;--awb-spacing-left-medium:1.92%;--awb-width-small:100%;--awb-order-small:0;--awb-margin-top-small:0px;--awb-spacing-right-small:1.92%;--awb-spacing-left-small:1.92%;\"><div class=\"fusion-column-wrapper fusion-column-has-shadow fusion-flex-justify-content-flex-start fusion-content-layout-column\"><div class=\"fusion-text fusion-text-1\"><div id=\"erdyt-69f5fefb852cf\" data-id=\"fR5d6nKz1AA\" class=\"erd-youtube-responsive\" style=\"display:block;position:relative;clear:both;width:100%;max-width:100%;margin-left:auto;margin-right:auto;\"><div style=\"padding-bottom:56.25%;\"><div class=\"erd-ytplay\" id=\"erdytp-fR5d6nKz1AA-69f5fefb852cf\" data-vid=\"fR5d6nKz1AA\"   data-src=\"https:\/\/www.youtube.com\/embed\/fR5d6nKz1AA?loop=1&#038;autoplay=1&#038;rel=0\" data-allowfullscreen=\"true\"><img decoding=\"async\" src=\"https:\/\/i.ytimg.com\/vi\/fR5d6nKz1AA\/hqdefault.jpg\" alt=\"YouTube Video\" \/><\/div><\/div><\/div>\n<\/div><\/div><\/div><div class=\"fusion-layout-column fusion_builder_column fusion-builder-column-1 fusion_builder_column_1_1 1_1 fusion-flex-column\" style=\"--awb-bg-size:cover;--awb-width-large:100%;--awb-margin-top-large:0px;--awb-spacing-right-large:1.92%;--awb-margin-bottom-large:0px;--awb-spacing-left-large:1.92%;--awb-width-medium:100%;--awb-order-medium:0;--awb-spacing-right-medium:1.92%;--awb-spacing-left-medium:1.92%;--awb-width-small:100%;--awb-order-small:0;--awb-spacing-right-small:1.92%;--awb-spacing-left-small:1.92%;\"><div class=\"fusion-column-wrapper fusion-column-has-shadow fusion-flex-justify-content-flex-start fusion-content-layout-column\"><div class=\"fusion-title title fusion-title-1 fusion-sep-none fusion-title-center fusion-title-text fusion-title-size-three\" style=\"--awb-font-size:36px;\"><h3 class=\"fusion-title-heading title-heading-center\" style=\"font-family:&quot;PT Serif&quot;;font-style:normal;font-weight:400;margin:0;font-size:1em;\"><h3 id=\"royalty\" class=\"heading-single-page\">\u00bfQu\u00e9 es el royalty?<\/h3><\/h3><\/div><\/div><\/div><div class=\"fusion-layout-column fusion_builder_column fusion-builder-column-2 fusion_builder_column_1_1 1_1 fusion-flex-column\" style=\"--awb-bg-size:cover;--awb-width-large:100%;--awb-margin-top-large:-60px;--awb-spacing-right-large:1.92%;--awb-margin-bottom-large:20px;--awb-spacing-left-large:1.92%;--awb-width-medium:100%;--awb-order-medium:0;--awb-spacing-right-medium:1.92%;--awb-spacing-left-medium:1.92%;--awb-width-small:100%;--awb-order-small:0;--awb-margin-top-small:0px;--awb-spacing-right-small:1.92%;--awb-spacing-left-small:1.92%;\"><div class=\"fusion-column-wrapper fusion-column-has-shadow fusion-flex-justify-content-flex-start fusion-content-layout-column\"><div class=\"fusion-image-element \" style=\"--awb-caption-title-font-family:var(--h2_typography-font-family);--awb-caption-title-font-weight:var(--h2_typography-font-weight);--awb-caption-title-font-style:var(--h2_typography-font-style);--awb-caption-title-size:var(--h2_typography-font-size);--awb-caption-title-transform:var(--h2_typography-text-transform);--awb-caption-title-line-height:var(--h2_typography-line-height);--awb-caption-title-letter-spacing:var(--h2_typography-letter-spacing);\"><span class=\" fusion-imageframe imageframe-none imageframe-1 hover-type-none\"><img decoding=\"async\" width=\"800\" height=\"396\" title=\"royalty\" src=\"https:\/\/consejominero.cl\/mineriaconotrosojos\/wp-content\/uploads\/2021\/05\/royalty-800x396.png\" alt class=\"img-responsive wp-image-330\" srcset=\"https:\/\/consejominero.cl\/mineriaconotrosojos\/wp-content\/uploads\/2021\/05\/royalty-200x99.png 200w, https:\/\/consejominero.cl\/mineriaconotrosojos\/wp-content\/uploads\/2021\/05\/royalty-400x198.png 400w, https:\/\/consejominero.cl\/mineriaconotrosojos\/wp-content\/uploads\/2021\/05\/royalty-600x297.png 600w, https:\/\/consejominero.cl\/mineriaconotrosojos\/wp-content\/uploads\/2021\/05\/royalty-800x396.png 800w, https:\/\/consejominero.cl\/mineriaconotrosojos\/wp-content\/uploads\/2021\/05\/royalty-1200x594.png 1200w, https:\/\/consejominero.cl\/mineriaconotrosojos\/wp-content\/uploads\/2021\/05\/royalty.png 1475w\" sizes=\"(max-width: 640px) 100vw, 1200px\" \/><\/span><\/div><\/div><\/div><div class=\"fusion-layout-column fusion_builder_column fusion-builder-column-3 fusion_builder_column_1_1 1_1 fusion-flex-column\" style=\"--awb-padding-top:40px;--awb-padding-right:40px;--awb-padding-bottom:40px;--awb-padding-left:40px;--awb-overflow:hidden;--awb-bg-size:cover;--awb-box-shadow:0px 10px 15px -10px rgba(10,14,32,0.12);;--awb-border-color:rgba(28,38,87,0.37);--awb-border-top:1px;--awb-border-right:1px;--awb-border-bottom:1px;--awb-border-left:1px;--awb-border-style:solid;--awb-border-radius:5px 5px 5px 5px;--awb-width-large:100%;--awb-margin-top-large:0px;--awb-spacing-right-large:1.92%;--awb-margin-bottom-large:20px;--awb-spacing-left-large:1.92%;--awb-width-medium:100%;--awb-order-medium:0;--awb-spacing-right-medium:1.92%;--awb-spacing-left-medium:1.92%;--awb-width-small:100%;--awb-order-small:0;--awb-spacing-right-small:1.92%;--awb-spacing-left-small:1.92%;\"><div class=\"fusion-column-wrapper fusion-column-has-shadow fusion-flex-justify-content-flex-start fusion-content-layout-column\"><div class=\"fusion-text fusion-text-2\" style=\"--awb-font-size:15px;\"><p>Como\u00a0<strong>el Estado es due\u00f1o de las minas y los minerales son recursos naturales no renovables<\/strong>, se asume que con su eventual agotamiento nuestro pa\u00eds perder\u00eda una importante fuente de ingresos. Por lo mismo, se establece una compensaci\u00f3n extra a favor del Estado.<\/p>\n<\/div><\/div><\/div><\/div><\/div><div class=\"fusion-fullwidth fullwidth-box fusion-builder-row-2 fusion-flex-container nonhundred-percent-fullwidth non-hundred-percent-height-scrolling\" style=\"--awb-border-radius-top-left:0px;--awb-border-radius-top-right:0px;--awb-border-radius-bottom-right:0px;--awb-border-radius-bottom-left:0px;--awb-flex-wrap:wrap;\" id=\"mito-verdad\" ><div class=\"fusion-builder-row fusion-row fusion-flex-align-items-flex-start fusion-flex-content-wrap\" style=\"max-width:1248px;margin-left: calc(-4% \/ 2 );margin-right: calc(-4% \/ 2 );\"><div class=\"fusion-layout-column fusion_builder_column fusion-builder-column-4 fusion_builder_column_1_1 1_1 fusion-flex-column\" style=\"--awb-bg-size:cover;--awb-width-large:100%;--awb-margin-top-large:0px;--awb-spacing-right-large:1.92%;--awb-margin-bottom-large:0px;--awb-spacing-left-large:1.92%;--awb-width-medium:100%;--awb-order-medium:0;--awb-spacing-right-medium:1.92%;--awb-spacing-left-medium:1.92%;--awb-width-small:100%;--awb-order-small:0;--awb-spacing-right-small:1.92%;--awb-spacing-left-small:1.92%;\"><div class=\"fusion-column-wrapper fusion-column-has-shadow fusion-flex-justify-content-flex-start fusion-content-layout-column\"><div class=\"fusion-title title fusion-title-2 fusion-sep-none fusion-title-text fusion-title-size-three\" style=\"--awb-font-size:36px;\"><h3 class=\"fusion-title-heading title-heading-left\" style=\"font-family:&quot;PT Serif&quot;;font-style:normal;font-weight:400;margin:0;font-size:1em;\"><h3 id=\"royalty\" class=\"heading-single-page\">\u00bfEs verdad que?<\/h3><\/h3><\/div><\/div><\/div><div class=\"fusion-layout-column fusion_builder_column fusion-builder-column-5 fusion_builder_column_1_1 1_1 fusion-flex-column\" style=\"--awb-bg-size:cover;--awb-width-large:100%;--awb-margin-top-large:0px;--awb-spacing-right-large:1.92%;--awb-margin-bottom-large:0px;--awb-spacing-left-large:1.92%;--awb-width-medium:100%;--awb-order-medium:0;--awb-spacing-right-medium:1.92%;--awb-spacing-left-medium:1.92%;--awb-width-small:100%;--awb-order-small:0;--awb-spacing-right-small:1.92%;--awb-spacing-left-small:1.92%;\"><div class=\"fusion-column-wrapper fusion-column-has-shadow fusion-flex-justify-content-flex-start fusion-content-layout-column\"><div class=\"accordian fusion-accordian\" style=\"--awb-border-size:0px;--awb-icon-size:16px;--awb-content-font-size:15px;--awb-icon-alignment:right;--awb-hover-color:#f9f9fb;--awb-border-color:#e2e2e2;--awb-background-color:#ffffff;--awb-divider-color:#e2e2e2;--awb-divider-hover-color:#e2e2e2;--awb-icon-color:#3d9ae2;--awb-title-color:#3d9ae2;--awb-content-color:#1c2657;--awb-icon-box-color:#212934;--awb-toggle-hover-accent-color:#1c2657;--awb-title-font-family:&quot;PT Serif&quot;;--awb-title-font-weight:700;--awb-title-font-style:normal;--awb-content-font-family:&quot;Libre Franklin&quot;;--awb-content-font-style:normal;--awb-content-font-weight:400;\"><div class=\"panel-group fusion-toggle-icon-right fusion-toggle-icon-unboxed\" id=\"accordion-10-1\"><div class=\"fusion-panel panel-default panel-62a3cec40489f3688 fusion-toggle-no-divider\"><div class=\"panel-heading\"><h4 class=\"panel-title toggle\" id=\"toggle_62a3cec40489f3688\"><a aria-expanded=\"false\" aria-controls=\"62a3cec40489f3688\" role=\"button\" data-toggle=\"collapse\" data-target=\"#62a3cec40489f3688\" href=\"#62a3cec40489f3688\"><span class=\"fusion-toggle-icon-wrapper\" aria-hidden=\"true\"><i class=\"fa-fusion-box active-icon awb-icon-minus\" aria-hidden=\"true\"><\/i><i class=\"fa-fusion-box inactive-icon awb-icon-plus\" aria-hidden=\"true\"><\/i><\/span><span class=\"fusion-toggle-heading\">\u201cChile no tiene un royalty minero\u201d<\/span><\/a><\/h4><\/div><div id=\"62a3cec40489f3688\" class=\"panel-collapse collapse \" aria-labelledby=\"toggle_62a3cec40489f3688\"><div class=\"panel-body toggle-content fusion-clearfix\">\n<div class=\"mito\">MITO<\/div>\n<p>Chile s\u00ed tiene un royalty minero. La Ley 20.026 del a\u00f1o 2005 cre\u00f3 un impuesto espec\u00edfico bajo los supuestos de un royalty: el Estado es due\u00f1o de las minas y como los minerales no son renovables, con su eventual agotamiento el pa\u00eds perder\u00eda una importante fuente de recursos. \u201c<em>El proyecto de contar con un Royalty para la miner\u00eda en Chile lo hemos hecho realidad, y le agradezco a este Congreso su aprobaci\u00f3n<\/em>\u201d, dijo el entonces Presidente Ricardo Lagos en su discurso del 21 de mayo de 2005.<\/p>\n<\/div><\/div><\/div><div class=\"fusion-panel panel-default panel-1726ac14646e3359b fusion-toggle-no-divider\"><div class=\"panel-heading\"><h4 class=\"panel-title toggle\" id=\"toggle_1726ac14646e3359b\"><a aria-expanded=\"false\" aria-controls=\"1726ac14646e3359b\" role=\"button\" data-toggle=\"collapse\" data-target=\"#1726ac14646e3359b\" href=\"#1726ac14646e3359b\"><span class=\"fusion-toggle-icon-wrapper\" aria-hidden=\"true\"><i class=\"fa-fusion-box active-icon awb-icon-minus\" aria-hidden=\"true\"><\/i><i class=\"fa-fusion-box inactive-icon awb-icon-plus\" aria-hidden=\"true\"><\/i><\/span><span class=\"fusion-toggle-heading\">\u201cEl Estado recauda poco por el royalty minero\u201d<\/span><\/a><\/h4><\/div><div id=\"1726ac14646e3359b\" class=\"panel-collapse collapse \" aria-labelledby=\"toggle_1726ac14646e3359b\"><div class=\"panel-body toggle-content fusion-clearfix\">\n<div class=\"mito\">MITO<\/div>\n<p>El Estado ha recaudado por el royalty minero m\u00e1s de 10.000 millones de d\u00f3lares, considerando las 10 mineras privadas m\u00e1s grandes y Codelco.\u00a0Esta cifra equivale a la renovaci\u00f3n y mantenci\u00f3n de 75 hospitales de la red p\u00fablica nacional, Seg\u00fan contemplaba el Plan Nacional de Inversiones anunciado en 2018.<\/p>\n<\/div><\/div><\/div><div class=\"fusion-panel panel-default panel-1e01f5d28f651bc18 fusion-toggle-no-divider\"><div class=\"panel-heading\"><h4 class=\"panel-title toggle\" id=\"toggle_1e01f5d28f651bc18\"><a aria-expanded=\"false\" aria-controls=\"1e01f5d28f651bc18\" role=\"button\" data-toggle=\"collapse\" data-target=\"#1e01f5d28f651bc18\" href=\"#1e01f5d28f651bc18\"><span class=\"fusion-toggle-icon-wrapper\" aria-hidden=\"true\"><i class=\"fa-fusion-box active-icon awb-icon-minus\" aria-hidden=\"true\"><\/i><i class=\"fa-fusion-box inactive-icon awb-icon-plus\" aria-hidden=\"true\"><\/i><\/span><span class=\"fusion-toggle-heading\">\u201cCuando hay un s\u00faper ciclo del cobre, el aporte tributario de la miner\u00eda al pa\u00eds crece\u201d<\/span><\/a><\/h4><\/div><div id=\"1e01f5d28f651bc18\" class=\"panel-collapse collapse \" aria-labelledby=\"toggle_1e01f5d28f651bc18\"><div class=\"panel-body toggle-content fusion-clearfix\">\n<div class=\"verdad\">VERDAD<\/div>\n<p>Durante el \u00faltimo s\u00faperciclo del cobre, registrado entre 2005 y 2014, el aporte tributario de la miner\u00eda privada y estatal represent\u00f3 el 20% de los ingresos fiscales, mientras que desde el a\u00f1o 2000, fuera del periodo de s\u00faperciclo, el aporte a los ingresos fiscales ha sido 5,8%.<\/p>\n<\/div><\/div><\/div><div class=\"fusion-panel panel-default panel-0288e503b93d56685 fusion-toggle-no-divider\"><div class=\"panel-heading\"><h4 class=\"panel-title toggle\" id=\"toggle_0288e503b93d56685\"><a aria-expanded=\"false\" aria-controls=\"0288e503b93d56685\" role=\"button\" data-toggle=\"collapse\" data-target=\"#0288e503b93d56685\" href=\"#0288e503b93d56685\"><span class=\"fusion-toggle-icon-wrapper\" aria-hidden=\"true\"><i class=\"fa-fusion-box active-icon awb-icon-minus\" aria-hidden=\"true\"><\/i><i class=\"fa-fusion-box inactive-icon awb-icon-plus\" aria-hidden=\"true\"><\/i><\/span><span class=\"fusion-toggle-heading\">\u201cLa miner\u00eda chilena paga bajos impuestos\u201d<\/span><\/a><\/h4><\/div><div id=\"0288e503b93d56685\" class=\"panel-collapse collapse \" aria-labelledby=\"toggle_0288e503b93d56685\"><div class=\"panel-body toggle-content fusion-clearfix\">\n<div class=\"mito\">MITO<\/div>\n<p>Entre 2000 y 2019, solo las 10 mineras privadas m\u00e1s grandes (que representan cerca del 73% de la producci\u00f3n) han pagado 46 mil millones de d\u00f3lares en impuestos. Esto es un promedio anual de US$ 2.300 millones, lo que equivale al 5% de los ingresos fiscales de Chile.<\/p>\n<\/div><\/div><\/div><div class=\"fusion-panel panel-default panel-fddb0c33b3046c147 fusion-toggle-no-divider\"><div class=\"panel-heading\"><h4 class=\"panel-title toggle\" id=\"toggle_fddb0c33b3046c147\"><a aria-expanded=\"false\" aria-controls=\"fddb0c33b3046c147\" role=\"button\" data-toggle=\"collapse\" data-target=\"#fddb0c33b3046c147\" href=\"#fddb0c33b3046c147\"><span class=\"fusion-toggle-icon-wrapper\" aria-hidden=\"true\"><i class=\"fa-fusion-box active-icon awb-icon-minus\" aria-hidden=\"true\"><\/i><i class=\"fa-fusion-box inactive-icon awb-icon-plus\" aria-hidden=\"true\"><\/i><\/span><span class=\"fusion-toggle-heading\">\u201cChile ha perdido competitividad frente a otros pa\u00edses mineros\u201d<\/span><\/a><\/h4><\/div><div id=\"fddb0c33b3046c147\" class=\"panel-collapse collapse \" aria-labelledby=\"toggle_fddb0c33b3046c147\"><div class=\"panel-body toggle-content fusion-clearfix\">\n<div class=\"verdad\">VERDAD<\/div>\n<p>Lamentablemente, en los \u00faltimos a\u00f1os se ha hecho m\u00e1s caro producir cobre en Chile que en otros pa\u00edses mineros. Desde 2015 la producci\u00f3n en nuestro pa\u00eds cuesta en promedio 2,27 d\u00f3lares por libra y en el resto del mundo 1,94 d\u00f3lares por libra, es decir, un 17% m\u00e1s.<\/div><\/div><\/div><div class=\"fusion-panel panel-default panel-c01fdb8e762ac4461 fusion-toggle-no-divider\"><div class=\"panel-heading\"><h4 class=\"panel-title toggle\" id=\"toggle_c01fdb8e762ac4461\"><a aria-expanded=\"false\" aria-controls=\"c01fdb8e762ac4461\" role=\"button\" data-toggle=\"collapse\" data-target=\"#c01fdb8e762ac4461\" href=\"#c01fdb8e762ac4461\"><span class=\"fusion-toggle-icon-wrapper\" aria-hidden=\"true\"><i class=\"fa-fusion-box active-icon awb-icon-minus\" aria-hidden=\"true\"><\/i><i class=\"fa-fusion-box inactive-icon awb-icon-plus\" aria-hidden=\"true\"><\/i><\/span><span class=\"fusion-toggle-heading\">\u201cLa miner\u00eda oculta informaci\u00f3n\u201d<\/span><\/a><\/h4><\/div><div id=\"c01fdb8e762ac4461\" class=\"panel-collapse collapse \" aria-labelledby=\"toggle_c01fdb8e762ac4461\"><div class=\"panel-body toggle-content fusion-clearfix\">\n<div class=\"mito\">MITO<\/div>\n<p>La miner\u00eda entrega toda la informaci\u00f3n disponible para contribuir al debate en materia tributaria. Junto con la informaci\u00f3n p\u00fablica de Cochilco, de la Direcci\u00f3n de Presupuestos y del SII, el Consejo Minero entrega informaci\u00f3n de sus empresas socias, por ejemplo a trav\u00e9s de la\u00a0<a href=\"https:\/\/mineria-con-otros-ojos-2.webflow.io\/impuestos#\">Plataforma de Impuestos<\/a>, donde se han recolectado y consolidado datos sobre la invariabilidad tributaria.<\/p>\n<\/div><\/div><\/div><div class=\"fusion-panel panel-default panel-e1dde72ca99bbb883 fusion-toggle-no-divider\"><div class=\"panel-heading\"><h4 class=\"panel-title toggle\" id=\"toggle_e1dde72ca99bbb883\"><a aria-expanded=\"false\" aria-controls=\"e1dde72ca99bbb883\" role=\"button\" data-toggle=\"collapse\" data-target=\"#e1dde72ca99bbb883\" href=\"#e1dde72ca99bbb883\"><span class=\"fusion-toggle-icon-wrapper\" aria-hidden=\"true\"><i class=\"fa-fusion-box active-icon awb-icon-minus\" aria-hidden=\"true\"><\/i><i class=\"fa-fusion-box inactive-icon awb-icon-plus\" aria-hidden=\"true\"><\/i><\/span><span class=\"fusion-toggle-heading\">\u201cLa miner\u00eda se lleva todo y no deja nada\u201d<\/span><\/a><\/h4><\/div><div id=\"e1dde72ca99bbb883\" class=\"panel-collapse collapse \" aria-labelledby=\"toggle_e1dde72ca99bbb883\"><div class=\"panel-body toggle-content fusion-clearfix\">\n<div class=\"mito\">MITO<\/div>\n<p>Entre los a\u00f1os 2000 y 2019, del total de ingresos que gener\u00f3 la miner\u00eda privada, y que corresponde a US$432 mil millones, el 51% fue pagado a trabajadores y proveedores; el 16% fue destinado a inversi\u00f3n; el 10% fue pagado en impuestos a la renta y royalty y el 22% restante fue retirado por los due\u00f1os de las empresas.<\/div><\/div><\/div><div class=\"fusion-panel panel-default panel-72a40f61c50d82349 fusion-toggle-no-divider\"><div class=\"panel-heading\"><h4 class=\"panel-title toggle\" id=\"toggle_72a40f61c50d82349\"><a aria-expanded=\"false\" aria-controls=\"72a40f61c50d82349\" role=\"button\" data-toggle=\"collapse\" data-target=\"#72a40f61c50d82349\" href=\"#72a40f61c50d82349\"><span class=\"fusion-toggle-icon-wrapper\" aria-hidden=\"true\"><i class=\"fa-fusion-box active-icon awb-icon-minus\" aria-hidden=\"true\"><\/i><i class=\"fa-fusion-box inactive-icon awb-icon-plus\" aria-hidden=\"true\"><\/i><\/span><span class=\"fusion-toggle-heading\">\u201cLa miner\u00eda tiene beneficios tributarios especiales\u201d<\/span><\/a><\/h4><\/div><div id=\"72a40f61c50d82349\" class=\"panel-collapse collapse \" aria-labelledby=\"toggle_72a40f61c50d82349\"><div class=\"panel-body toggle-content fusion-clearfix\">\n<div class=\"mito\">MITO<\/div>\n<p>Aparte del royalty, que en vez de un beneficio es una carga adicional para la miner\u00eda, se aplican las mismas reglas tributarias que en los dem\u00e1s sectores productivos. Un ejemplo es el uso de depreciaci\u00f3n acelerada, que responde al inter\u00e9s de los pa\u00edses por incentivar la inversi\u00f3n. Para los precios de transferencia y cr\u00e9ditos entre las empresas en Chile y sus relacionadas en el extranjero ocurre algo similar, con reglas que responden a los m\u00e1s altos est\u00e1ndares internacionales.<\/p>\n<\/div><\/div><\/div><div class=\"fusion-panel panel-default panel-091d95e3e62c3f175 fusion-toggle-no-divider\"><div class=\"panel-heading\"><h4 class=\"panel-title toggle\" id=\"toggle_091d95e3e62c3f175\"><a aria-expanded=\"false\" aria-controls=\"091d95e3e62c3f175\" role=\"button\" data-toggle=\"collapse\" data-target=\"#091d95e3e62c3f175\" href=\"#091d95e3e62c3f175\"><span class=\"fusion-toggle-icon-wrapper\" aria-hidden=\"true\"><i class=\"fa-fusion-box active-icon awb-icon-minus\" aria-hidden=\"true\"><\/i><i class=\"fa-fusion-box inactive-icon awb-icon-plus\" aria-hidden=\"true\"><\/i><\/span><span class=\"fusion-toggle-heading\">\u201cLas empresas mineras manipulan datos contables para pagar menos impuestos\u201c<\/span><\/a><\/h4><\/div><div id=\"091d95e3e62c3f175\" class=\"panel-collapse collapse \" aria-labelledby=\"toggle_091d95e3e62c3f175\"><div class=\"panel-body toggle-content fusion-clearfix\">\n<div class=\"mito\">MITO<\/div>\n<ul>\n<li>El <strong>SII<\/strong> fiscaliza a las empresas mineras por medio de una unidad especializada en grandes contribuyentes.<\/li>\n<li>Los estados financieros de las empresas mineras <strong>son auditados en Chile y en el extranjero<\/strong>, y est\u00e1n en manos de la Comisi\u00f3n para el Mercado Financiero (<strong>CMF<\/strong>), entidad que los pone a disposici\u00f3n del p\u00fablico.<\/li>\n<li>El Servicio Nacional de <strong>Aduanas<\/strong>, con el apoyo de <strong>Cochilco<\/strong>, fiscalizan el valor de las exportaciones mineras.<\/li>\n<\/ul>\n<\/div><\/div><\/div><div class=\"fusion-panel panel-default panel-156278c8fb9726607 fusion-toggle-no-divider\"><div class=\"panel-heading\"><h4 class=\"panel-title toggle\" id=\"toggle_156278c8fb9726607\"><a aria-expanded=\"false\" aria-controls=\"156278c8fb9726607\" role=\"button\" data-toggle=\"collapse\" data-target=\"#156278c8fb9726607\" href=\"#156278c8fb9726607\"><span class=\"fusion-toggle-icon-wrapper\" aria-hidden=\"true\"><i class=\"fa-fusion-box active-icon awb-icon-minus\" aria-hidden=\"true\"><\/i><i class=\"fa-fusion-box inactive-icon awb-icon-plus\" aria-hidden=\"true\"><\/i><\/span><span class=\"fusion-toggle-heading\">\u201cEl actual royalty no aprovecha los precios del s\u00faper ciclo\u201c<\/span><\/a><\/h4><\/div><div id=\"156278c8fb9726607\" class=\"panel-collapse collapse \" aria-labelledby=\"toggle_156278c8fb9726607\"><div class=\"panel-body toggle-content fusion-clearfix\">\n<div class=\"mito\">MITO<\/div>\n<ul>\n<li>Durante el \u00faltimo s\u00faper ciclo del cobre, registrado entre 2004 y 2014, <strong>la miner\u00eda privada pag\u00f3 US$ 4.681 millones<\/strong> solo por royalty.<\/li>\n<li>Y si el royalty actual (fue modificado el 2010) hubiese estado vigente todo ese per\u00edodo, se <strong>habr\u00eda recaudado un 85% m\u00e1s<\/strong>, debido a sus tasas progresivas.<\/li>\n<\/ul>\n<\/div><\/div><\/div><\/div><\/div><\/div><\/div><\/div><\/div><\/p>\n","protected":false},"excerpt":{"rendered":"","protected":false},"author":1,"featured_media":407,"parent":0,"menu_order":0,"comment_status":"closed","ping_status":"closed","template":"","meta":{"footnotes":""},"class_list":["post-10","page","type-page","status-publish","has-post-thumbnail","hentry"],"_links":{"self":[{"href":"https:\/\/consejominero.cl\/mineriaconotrosojos\/wp-json\/wp\/v2\/pages\/10","targetHints":{"allow":["GET"]}}],"collection":[{"href":"https:\/\/consejominero.cl\/mineriaconotrosojos\/wp-json\/wp\/v2\/pages"}],"about":[{"href":"https:\/\/consejominero.cl\/mineriaconotrosojos\/wp-json\/wp\/v2\/types\/page"}],"author":[{"embeddable":true,"href":"https:\/\/consejominero.cl\/mineriaconotrosojos\/wp-json\/wp\/v2\/users\/1"}],"replies":[{"embeddable":true,"href":"https:\/\/consejominero.cl\/mineriaconotrosojos\/wp-json\/wp\/v2\/comments?post=10"}],"version-history":[{"count":51,"href":"https:\/\/consejominero.cl\/mineriaconotrosojos\/wp-json\/wp\/v2\/pages\/10\/revisions"}],"predecessor-version":[{"id":493,"href":"https:\/\/consejominero.cl\/mineriaconotrosojos\/wp-json\/wp\/v2\/pages\/10\/revisions\/493"}],"wp:featuredmedia":[{"embeddable":true,"href":"https:\/\/consejominero.cl\/mineriaconotrosojos\/wp-json\/wp\/v2\/media\/407"}],"wp:attachment":[{"href":"https:\/\/consejominero.cl\/mineriaconotrosojos\/wp-json\/wp\/v2\/media?parent=10"}],"curies":[{"name":"wp","href":"https:\/\/api.w.org\/{rel}","templated":true}]}}